{"id":11849,"date":"2024-09-18T08:56:30","date_gmt":"2024-09-18T08:56:30","guid":{"rendered":"https:\/\/g-v-b-shop.de\/product\/wheel-holder-with-micro-wheel-140\/"},"modified":"2024-09-18T08:56:30","modified_gmt":"2024-09-18T08:56:30","slug":"wheel-holder-with-micro-wheel-140","status":"publish","type":"product","link":"https:\/\/g-v-b-shop.de\/en\/product\/wheel-holder-with-micro-wheel-140\/","title":{"rendered":"Wheel-Holder with Micro Wheel 140\u00b0"},"content":{"rendered":"<p>R\u00e4dchentr\u00e4ger mit Mikror\u00e4dchen 140\u00b0<br \/>\nPreis\/ St\u00fcck<br \/>\nSt\u00e4be: \u00d8 4-20 mm.<br \/>\nRohre:<br \/>\nkleinster \u00d8 4mm &#8211; Wd. 0.7-1.9 mm.<br \/>gr\u00f6\u00dfter \u00d8 45mm &#8211; Wd. 1.6-3.0 mm.<\/p>\n<p>Price\/PC<br \/>Rods: <br \/>Tubes:<br \/>Minimum diameter \u00d8 4mm &#8211; WT. 0,7-1,9 mm,<br \/>gr\u00f6\u00dfter \u00d8 45mm, WT. 1,6-3,0 mm.  <\/p>\n","protected":false},"excerpt":{"rendered":"<p>R\u00e4dchentr\u00e4ger mit Mikror\u00e4dchen 140\u00b0 Preis\/ St\u00fcck St\u00e4be: \u00d8 4-20 mm. Rohre: kleinster \u00d8 4mm &#8211; Wd. 0.7-1.9 mm.gr\u00f6\u00dfter \u00d8 45mm [&hellip;]<\/p>\n","protected":false},"featured_media":3265,"template":"","meta":{"_eb_attr":"","_uag_custom_page_level_css":"","site-sidebar-layout":"default","site-content-layout":"","ast-site-content-layout":"default","site-content-style":"default","site-sidebar-style":"default","ast-global-header-display":"","ast-banner-title-visibility":"","ast-main-header-display":"","ast-hfb-above-header-display":"","ast-hfb-below-header-display":"","ast-hfb-mobile-header-display":"","site-post-title":"","ast-breadcrumbs-content":"","ast-featured-img":"","footer-sml-layout":"","ast-disable-related-posts":"","theme-transparent-header-meta":"default","adv-header-id-meta":"","stick-header-meta":"default","header-above-stick-meta":"","header-main-stick-meta":"","header-below-stick-meta":"","astra-migrate-meta-layouts":"default","ast-page-background-enabled":"default","ast-page-background-meta":{"desktop":{"background-color":"var(--ast-global-color-4)","background-image":"","background-repeat":"repeat","background-position":"center center","background-size":"auto","background-attachment":"scroll","background-type":"","background-media":"","overlay-type":"","overlay-color":"","overlay-opacity":"","overlay-gradient":""},"tablet":{"background-color":"","background-image":"","background-repeat":"repeat","background-position":"center center","background-size":"auto","background-attachment":"scroll","background-type":"","background-media":"","overlay-type":"","overlay-color":"","overlay-opacity":"","overlay-gradient":""},"mobile":{"background-color":"","background-image":"","background-repeat":"repeat","background-position":"center center","background-size":"auto","background-attachment":"scroll","background-type":"","background-media":"","overlay-type":"","overlay-color":"","overlay-opacity":"","overlay-gradient":""}},"ast-content-background-meta":{"desktop":{"background-color":"var(--ast-global-color-5)","background-image":"","background-repeat":"repeat","background-position":"center center","background-size":"auto","background-attachment":"scroll","background-type":"","background-media":"","overlay-type":"","overlay-color":"","overlay-opacity":"","overlay-gradient":""},"tablet":{"background-color":"var(--ast-global-color-5)","background-image":"","background-repeat":"repeat","background-position":"center center","background-size":"auto","background-attachment":"scroll","background-type":"","background-media":"","overlay-type":"","overlay-color":"","overlay-opacity":"","overlay-gradient":""},"mobile":{"background-color":"var(--ast-global-color-5)","background-image":"","background-repeat":"repeat","background-position":"center center","background-size":"auto","background-attachment":"scroll","background-type":"","background-media":"","overlay-type":"","overlay-color":"","overlay-opacity":"","overlay-gradient":""}}},"product_brand":[],"product_cat":[364],"product_tag":[373,372],"class_list":{"0":"post-11849","1":"product","2":"type-product","3":"status-publish","4":"has-post-thumbnail","6":"product_cat-tools","7":"product_tag-specialty-glass-tools","8":"product_tag-wheel-holder","9":"product_shipping_class-not-overlength","10":"desktop-align-center","11":"tablet-align-left","12":"mobile-align-left","13":"ast-product-gallery-layout-horizontal-slider","14":"ast-product-gallery-with-no-image","15":"ast-product-tabs-layout-horizontal","16":"ast-qv-on-image","18":"first","19":"instock","20":"taxable","21":"shipping-taxable","22":"purchasable","23":"product-type-simple","24":"add-to-wishlist-before_image"},"uagb_featured_image_src":{"full":["https:\/\/g-v-b-shop.de\/wp-content\/uploads\/2024\/09\/produkte-raedchentraeger-mikroraedchen-600.jpg",600,450,false],"thumbnail":["https:\/\/g-v-b-shop.de\/wp-content\/uploads\/2024\/09\/produkte-raedchentraeger-mikroraedchen-600-150x150.jpg",150,150,true],"medium":["https:\/\/g-v-b-shop.de\/wp-content\/uploads\/2024\/09\/produkte-raedchentraeger-mikroraedchen-600-300x225.jpg",300,225,true],"medium_large":["https:\/\/g-v-b-shop.de\/wp-content\/uploads\/2024\/09\/produkte-raedchentraeger-mikroraedchen-600.jpg",600,450,false],"large":["https:\/\/g-v-b-shop.de\/wp-content\/uploads\/2024\/09\/produkte-raedchentraeger-mikroraedchen-600.jpg",600,450,false],"1536x1536":["https:\/\/g-v-b-shop.de\/wp-content\/uploads\/2024\/09\/produkte-raedchentraeger-mikroraedchen-600.jpg",600,450,false],"2048x2048":["https:\/\/g-v-b-shop.de\/wp-content\/uploads\/2024\/09\/produkte-raedchentraeger-mikroraedchen-600.jpg",600,450,false],"woocommerce_thumbnail":["https:\/\/g-v-b-shop.de\/wp-content\/uploads\/2024\/09\/produkte-raedchentraeger-mikroraedchen-600-300x300.jpg",300,300,true],"woocommerce_single":["https:\/\/g-v-b-shop.de\/wp-content\/uploads\/2024\/09\/produkte-raedchentraeger-mikroraedchen-600.jpg",600,450,false],"woocommerce_gallery_thumbnail":["https:\/\/g-v-b-shop.de\/wp-content\/uploads\/2024\/09\/produkte-raedchentraeger-mikroraedchen-600-100x100.jpg",100,100,true]},"uagb_author_info":{"display_name":"admin","author_link":"https:\/\/g-v-b-shop.de\/en\/author\/"},"uagb_comment_info":0,"uagb_excerpt":"R\u00e4dchentr\u00e4ger mit Mikror\u00e4dchen 140\u00b0 Preis\/ St\u00fcck St\u00e4be: \u00d8 4-20 mm. Rohre: kleinster \u00d8 4mm &#8211; Wd. 0.7-1.9 mm.gr\u00f6\u00dfter \u00d8 45mm [&hellip;]","jetpack_sharing_enabled":true,"_links":{"self":[{"href":"https:\/\/g-v-b-shop.de\/en\/wp-json\/wp\/v2\/product\/11849","targetHints":{"allow":["GET"]}}],"collection":[{"href":"https:\/\/g-v-b-shop.de\/en\/wp-json\/wp\/v2\/product"}],"about":[{"href":"https:\/\/g-v-b-shop.de\/en\/wp-json\/wp\/v2\/types\/product"}],"wp:featuredmedia":[{"embeddable":true,"href":"https:\/\/g-v-b-shop.de\/en\/wp-json\/wp\/v2\/media\/3265"}],"wp:attachment":[{"href":"https:\/\/g-v-b-shop.de\/en\/wp-json\/wp\/v2\/media?parent=11849"}],"wp:term":[{"taxonomy":"product_brand","embeddable":true,"href":"https:\/\/g-v-b-shop.de\/en\/wp-json\/wp\/v2\/product_brand?post=11849"},{"taxonomy":"product_cat","embeddable":true,"href":"https:\/\/g-v-b-shop.de\/en\/wp-json\/wp\/v2\/product_cat?post=11849"},{"taxonomy":"product_tag","embeddable":true,"href":"https:\/\/g-v-b-shop.de\/en\/wp-json\/wp\/v2\/product_tag?post=11849"}],"curies":[{"name":"wp","href":"https:\/\/api.w.org\/{rel}","templated":true}]}}